{"id":745,"date":"2022-04-06T13:48:28","date_gmt":"2022-04-06T18:48:28","guid":{"rendered":"https:\/\/c5251f608d.nxcli.net\/terms-of-use\/"},"modified":"2022-04-07T10:47:06","modified_gmt":"2022-04-07T15:47:06","slug":"terms-and-conditions","status":"publish","type":"page","link":"https:\/\/forcepowerstaffing.com\/es\/terms-and-conditions\/","title":{"rendered":"Terms &#038; Conditions"},"content":{"rendered":"<div data-elementor-type=\"wp-page\" data-elementor-id=\"745\" class=\"elementor elementor-745\" data-elementor-settings=\"{&quot;ha_cmc_init_switcher&quot;:&quot;no&quot;}\" data-elementor-post-type=\"page\">\n\t\t\t\t\t\t<section class=\"elementor-section elementor-top-section elementor-element elementor-element-3b233c57 elementor-section-boxed elementor-section-height-default elementor-section-height-default\" data-id=\"3b233c57\" data-element_type=\"section\" data-settings=\"{&quot;_ha_eqh_enable&quot;:false}\">\n\t\t\t\t\t\t<div class=\"elementor-container elementor-column-gap-default\">\n\t\t\t\t\t<div class=\"elementor-column elementor-col-100 elementor-top-column elementor-element elementor-element-62d59350\" data-id=\"62d59350\" data-element_type=\"column\">\n\t\t\t<div class=\"elementor-widget-wrap elementor-element-populated\">\n\t\t\t\t\t\t<div class=\"elementor-element elementor-element-f5ed12c elementor-widget elementor-widget-spacer\" data-id=\"f5ed12c\" data-element_type=\"widget\" data-widget_type=\"spacer.default\">\n\t\t\t\t<div class=\"elementor-widget-container\">\n\t\t\t\t\t\t\t<div class=\"elementor-spacer\">\n\t\t\t<div class=\"elementor-spacer-inner\"><\/div>\n\t\t<\/div>\n\t\t\t\t\t\t<\/div>\n\t\t\t\t<\/div>\n\t\t\t\t<div class=\"elementor-element elementor-element-ca4fe82 elementor-widget elementor-widget-heading\" data-id=\"ca4fe82\" data-element_type=\"widget\" data-widget_type=\"heading.default\">\n\t\t\t\t<div class=\"elementor-widget-container\">\n\t\t\t\t\t<h2 class=\"elementor-heading-title elementor-size-default\">TERMS &amp; CONDITIONS<\/h2>\t\t\t\t<\/div>\n\t\t\t\t<\/div>\n\t\t\t\t<div class=\"elementor-element elementor-element-185ecf6a elementor-widget elementor-widget-text-editor\" data-id=\"185ecf6a\" data-element_type=\"widget\" data-widget_type=\"text-editor.default\">\n\t\t\t\t<div class=\"elementor-widget-container\">\n\t\t\t\t\t\t\t\t\t<p>Estos T\u00e9rminos rigen su acceso y uso de todo el contenido, Producto y Servicios disponibles en el sitio web https:\/\/forcepowerstaffing.com (el \"Servicio\") operado por Force Power Staffing (\"nosotros\", \"nosotros\" o \"nuestro\") .<\/p>\n<p>Su acceso a nuestros servicios est\u00e1 sujeto a su aceptaci\u00f3n, sin modificaciones, de todos los t\u00e9rminos y condiciones contenidos en este documento y todas las dem\u00e1s reglas y pol\u00edticas operativas publicadas y que podamos publicar peri\u00f3dicamente.<\/p>\n<p>Lea atentamente el Acuerdo antes de acceder o utilizar nuestros Servicios. Al acceder o utilizar cualquier parte de nuestros Servicios, usted acepta estar sujeto a estos T\u00e9rminos. Si no est\u00e1 de acuerdo con alguna parte de los t\u00e9rminos del Acuerdo, no podr\u00e1 acceder ni utilizar nuestros Servicios.<\/p>\n<h4><strong>Propiedad intelectual<\/strong><\/h4>\n<p>El Acuerdo no transfiere de nosotros a usted ninguna propiedad intelectual nuestra o de terceros, y todos los derechos, t\u00edtulos e intereses sobre dicha propiedad permanecer\u00e1n (entre las partes) \u00fanicamente con Force Power Staffing y sus licenciantes.<\/p>\n<h4><strong>Servicios de terceros<\/strong><\/h4>\n<p>Al usar los Servicios, puede usar servicios, productos, software, incrustaciones o aplicaciones de terceros desarrollados por un tercero (\"Servicios de terceros\").<\/p>\n<p>Si utiliza Servicios de terceros, comprende que:<\/p>\n<ul>\n<li>Cualquier uso de un Servicio de terceros es bajo su propio riesgo, y no seremos responsables ante nadie por los sitios web o Servicios de terceros.<\/li>\n<li>Usted reconoce y acepta que no seremos responsables de ning\u00fan da\u00f1o o p\u00e9rdida causada o presuntamente causada por o en relaci\u00f3n con el uso de dicho contenido, bienes o servicios disponibles en o a trav\u00e9s de dichos sitios web o servicios.<\/li>\n<\/ul>\n<h4><strong>Cuentas<\/strong><\/h4>\n<p>Cuando el uso de cualquier parte de nuestros Servicios requiera una cuenta, usted acepta proporcionarnos informaci\u00f3n completa y precisa cuando se registra para obtener una cuenta.<\/p>\n<p>Usted ser\u00e1 el \u00fanico responsable de cualquier actividad que ocurra en su cuenta. Usted es responsable de mantener actualizada la informaci\u00f3n de su cuenta y de mantener segura su contrase\u00f1a.<\/p>\n<p>Usted es responsable de mantener la seguridad de su cuenta que utiliza para acceder al Servicio. No deber\u00e1 compartir ni hacer mal uso de sus credenciales de acceso. Debe notificarnos de inmediato sobre cualquier uso no autorizado de su cuenta o al darse cuenta de cualquier otra violaci\u00f3n de la seguridad.<\/p>\n<h4><strong>Terminaci\u00f3n<\/strong><\/h4>\n<p>Podemos rescindir o suspender su acceso a la totalidad o parte de nuestros Servicios en cualquier momento, con o sin causa, con o sin notificaci\u00f3n, con efecto inmediato.<\/p>\n<p>Si desea rescindir el Acuerdo o su cuenta de Force Power Staffing, simplemente puede dejar de utilizar nuestros Servicios.<\/p>\n<p>Todas las disposiciones del Acuerdo que, por su naturaleza, deban sobrevivir a la terminaci\u00f3n sobrevivir\u00e1n a la terminaci\u00f3n, incluidas, entre otras, las disposiciones de propiedad, las exenciones de garant\u00eda, la indemnizaci\u00f3n y las limitaciones de responsabilidad.<\/p>\n<h4><strong>Descargo de responsabilidad<\/strong><\/h4>\n<p>Nuestros Servicios se proporcionan \"TAL CUAL\". y \u201cSEG\u00daN DISPONIBILIDAD\u201d. Force Power Staffing y sus proveedores y licenciantes renuncian a todas las garant\u00edas de cualquier tipo, expresas o impl\u00edcitas, incluidas, entre otras, las garant\u00edas de comerciabilidad, idoneidad para un prop\u00f3sito particular y no infracci\u00f3n. Ni Force Power Staffing, ni sus proveedores y licenciantes, garantizan que nuestros Servicios estar\u00e1n libres de errores o que el acceso a los mismos ser\u00e1 continuo o ininterrumpido. Usted comprende que descarga u obtiene contenido o servicios a trav\u00e9s de nuestros Servicios a su propia discreci\u00f3n y riesgo.<\/p>\n<h4><strong>Jurisdicci\u00f3n y Ley Aplicable<\/strong><\/h4>\n<p>Except to the extent any applicable law provides otherwise, the Agreement and any access to or use of our Services will be governed by the laws of the United States .<\/p>\n<p>The proper venue for any disputes arising out of or relating to the Agreement and any access to or use of our Services will be the state and federal courts located in the United States.<\/p>\n<h4><strong>Cambios<\/strong><\/h4>\n<p>Force Power Staffing se reserva el derecho, a nuestro exclusivo criterio, de modificar o reemplazar estos T\u00e9rminos en cualquier momento.<\/p>\n<p>Si realizamos cambios importantes, se lo haremos saber public\u00e1ndolos en nuestro sitio web o envi\u00e1ndole un correo electr\u00f3nico u otra comunicaci\u00f3n antes de que los cambios entren en vigencia. El aviso designar\u00e1 un per\u00edodo de tiempo razonable despu\u00e9s del cual los nuevos t\u00e9rminos entrar\u00e1n en vigencia.<\/p>\n<p>Si no est\u00e1 de acuerdo con nuestros cambios, debe dejar de usar nuestros Servicios dentro del per\u00edodo de aviso designado, o una vez que los cambios entren en vigencia.<\/p>\n<p>Su uso continuado de nuestros Servicios estar\u00e1 sujeto a los nuevos t\u00e9rminos.<\/p>\t\t\t\t\t\t\t\t<\/div>\n\t\t\t\t<\/div>\n\t\t\t\t\t<\/div>\n\t\t<\/div>\n\t\t\t\t\t<\/div>\n\t\t<\/section>\n\t\t\t\t<section class=\"elementor-section elementor-top-section elementor-element elementor-element-3e6b0c96 elementor-section-boxed elementor-section-height-default elementor-section-height-default\" data-id=\"3e6b0c96\" data-element_type=\"section\" data-settings=\"{&quot;background_background&quot;:&quot;classic&quot;,&quot;_ha_eqh_enable&quot;:false}\">\n\t\t\t\t\t\t<div class=\"elementor-container elementor-column-gap-default\">\n\t\t\t\t\t<div class=\"elementor-column elementor-col-100 elementor-top-column elementor-element elementor-element-7d6ada23\" data-id=\"7d6ada23\" data-element_type=\"column\">\n\t\t\t<div class=\"elementor-widget-wrap elementor-element-populated\">\n\t\t\t\t\t\t<div class=\"elementor-element elementor-element-51edc509 elementor-widget elementor-widget-spacer\" data-id=\"51edc509\" data-element_type=\"widget\" data-widget_type=\"spacer.default\">\n\t\t\t\t<div class=\"elementor-widget-container\">\n\t\t\t\t\t\t\t<div class=\"elementor-spacer\">\n\t\t\t<div class=\"elementor-spacer-inner\"><\/div>\n\t\t<\/div>\n\t\t\t\t\t\t<\/div>\n\t\t\t\t<\/div>\n\t\t\t\t<div class=\"elementor-element elementor-element-3344c832 elementor-widget elementor-widget-text-editor\" data-id=\"3344c832\" data-element_type=\"widget\" data-widget_type=\"text-editor.default\">\n\t\t\t\t<div class=\"elementor-widget-container\">\n\t\t\t\t\t\t\t\t\t<h4><strong>INFORMACI\u00d3N DE CONTACTO<\/strong><\/h4><p>Force Power Staffing<br \/>Tel\u00e9fono: 4026494555<\/p><p><span style=\"color: var( --e-global-color-text ); font-family: var( --e-global-typography-text-font-family ), Sans-serif; font-weight: var( --e-global-typography-text-font-weight ); background-color: var( --e-global-color-1fb5101 );\">Correo electr\u00f3nico de contacto: rosie.santillan@powerforcestaffing.com<\/span><\/p>\t\t\t\t\t\t\t\t<\/div>\n\t\t\t\t<\/div>\n\t\t\t\t<div class=\"elementor-element elementor-element-3daa0122 elementor-widget elementor-widget-spacer\" data-id=\"3daa0122\" data-element_type=\"widget\" data-widget_type=\"spacer.default\">\n\t\t\t\t<div class=\"elementor-widget-container\">\n\t\t\t\t\t\t\t<div class=\"elementor-spacer\">\n\t\t\t<div class=\"elementor-spacer-inner\"><\/div>\n\t\t<\/div>\n\t\t\t\t\t\t<\/div>\n\t\t\t\t<\/div>\n\t\t\t\t\t<\/div>\n\t\t<\/div>\n\t\t\t\t\t<\/div>\n\t\t<\/section>\n\t\t\t\t<\/div>","protected":false},"excerpt":{"rendered":"<p>TERMS &#038; CONDITIONS These Terms govern your access to, usage of all content, Product and Services available at https:\/\/forcepowerstaffing.com website (the \u201cService\u201d) operated by Force Power Staffing (\u201cus\u201d, \u201cwe\u201d, or \u201cour\u201d). Your access to our services are subject to your acceptance, without modification, of all of the terms and conditions contained herein and all other [&hellip;]<\/p>","protected":false},"author":2,"featured_media":0,"parent":0,"menu_order":0,"comment_status":"closed","ping_status":"closed","template":"","meta":{"footnotes":""},"class_list":["post-745","page","type-page","status-publish","hentry"],"yoast_head":"<!-- This site is optimized with the Yoast SEO plugin v25.2 - https:\/\/yoast.com\/wordpress\/plugins\/seo\/ -->\n<title>Terms &amp; Conditions - Force Power Staffing<\/title>\n<meta name=\"robots\" content=\"index, follow, max-snippet:-1, max-image-preview:large, max-video-preview:-1\" \/>\n<link rel=\"canonical\" href=\"https:\/\/forcepowerstaffing.com\/es\/terms-and-conditions\/\" \/>\n<meta property=\"og:locale\" content=\"es_ES\" \/>\n<meta property=\"og:type\" content=\"article\" \/>\n<meta property=\"og:title\" content=\"Terms &amp; Conditions - Force Power Staffing\" \/>\n<meta property=\"og:description\" content=\"TERMS &#038; CONDITIONS These Terms govern your access to, usage of all content, Product and Services available at https:\/\/forcepowerstaffing.com website (the \u201cService\u201d) operated by Force Power Staffing (\u201cus\u201d, \u201cwe\u201d, or \u201cour\u201d). Your access to our services are subject to your acceptance, without modification, of all of the terms and conditions contained herein and all other [&hellip;]\" \/>\n<meta property=\"og:url\" content=\"https:\/\/forcepowerstaffing.com\/es\/terms-and-conditions\/\" \/>\n<meta property=\"og:site_name\" content=\"Force Power Staffing\" \/>\n<meta property=\"article:modified_time\" content=\"2022-04-07T15:47:06+00:00\" \/>\n<meta name=\"twitter:card\" content=\"summary_large_image\" \/>\n<meta name=\"twitter:label1\" content=\"Tiempo de lectura\" \/>\n\t<meta name=\"twitter:data1\" content=\"4 minutos\" \/>\n<script type=\"application\/ld+json\" class=\"yoast-schema-graph\">{\"@context\":\"https:\/\/schema.org\",\"@graph\":[{\"@type\":\"WebPage\",\"@id\":\"https:\/\/forcepowerstaffing.com\/terms-and-conditions\/\",\"url\":\"https:\/\/forcepowerstaffing.com\/terms-and-conditions\/\",\"name\":\"Terms & Conditions - Force Power Staffing\",\"isPartOf\":{\"@id\":\"https:\/\/forcepowerstaffing.com\/#website\"},\"datePublished\":\"2022-04-06T18:48:28+00:00\",\"dateModified\":\"2022-04-07T15:47:06+00:00\",\"breadcrumb\":{\"@id\":\"https:\/\/forcepowerstaffing.com\/terms-and-conditions\/#breadcrumb\"},\"inLanguage\":\"es\",\"potentialAction\":[{\"@type\":\"ReadAction\",\"target\":[\"https:\/\/forcepowerstaffing.com\/terms-and-conditions\/\"]}]},{\"@type\":\"BreadcrumbList\",\"@id\":\"https:\/\/forcepowerstaffing.com\/terms-and-conditions\/#breadcrumb\",\"itemListElement\":[{\"@type\":\"ListItem\",\"position\":1,\"name\":\"Home\",\"item\":\"https:\/\/forcepowerstaffing.com\/\"},{\"@type\":\"ListItem\",\"position\":2,\"name\":\"Terms &#038; Conditions\"}]},{\"@type\":\"WebSite\",\"@id\":\"https:\/\/forcepowerstaffing.com\/#website\",\"url\":\"https:\/\/forcepowerstaffing.com\/\",\"name\":\"Force Power Staffing\",\"description\":\"\",\"publisher\":{\"@id\":\"https:\/\/forcepowerstaffing.com\/#organization\"},\"potentialAction\":[{\"@type\":\"SearchAction\",\"target\":{\"@type\":\"EntryPoint\",\"urlTemplate\":\"https:\/\/forcepowerstaffing.com\/?s={search_term_string}\"},\"query-input\":{\"@type\":\"PropertyValueSpecification\",\"valueRequired\":true,\"valueName\":\"search_term_string\"}}],\"inLanguage\":\"es\"},{\"@type\":\"Organization\",\"@id\":\"https:\/\/forcepowerstaffing.com\/#organization\",\"name\":\"Force Power Staffing\",\"url\":\"https:\/\/forcepowerstaffing.com\/\",\"logo\":{\"@type\":\"ImageObject\",\"inLanguage\":\"es\",\"@id\":\"https:\/\/forcepowerstaffing.com\/#\/schema\/logo\/image\/\",\"url\":\"https:\/\/forcepowerstaffing.com\/wp-content\/uploads\/2022\/03\/Color-logo-no-background.png\",\"contentUrl\":\"https:\/\/forcepowerstaffing.com\/wp-content\/uploads\/2022\/03\/Color-logo-no-background.png\",\"width\":3174,\"height\":731,\"caption\":\"Force Power Staffing\"},\"image\":{\"@id\":\"https:\/\/forcepowerstaffing.com\/#\/schema\/logo\/image\/\"}}]}<\/script>\n<!-- \/ Yoast SEO plugin. -->","yoast_head_json":{"title":"Terms & Conditions - Force Power Staffing","robots":{"index":"index","follow":"follow","max-snippet":"max-snippet:-1","max-image-preview":"max-image-preview:large","max-video-preview":"max-video-preview:-1"},"canonical":"https:\/\/forcepowerstaffing.com\/es\/terms-and-conditions\/","og_locale":"es_ES","og_type":"article","og_title":"Terms & Conditions - Force Power Staffing","og_description":"TERMS &#038; CONDITIONS These Terms govern your access to, usage of all content, Product and Services available at https:\/\/forcepowerstaffing.com website (the \u201cService\u201d) operated by Force Power Staffing (\u201cus\u201d, \u201cwe\u201d, or \u201cour\u201d). Your access to our services are subject to your acceptance, without modification, of all of the terms and conditions contained herein and all other [&hellip;]","og_url":"https:\/\/forcepowerstaffing.com\/es\/terms-and-conditions\/","og_site_name":"Force Power Staffing","article_modified_time":"2022-04-07T15:47:06+00:00","twitter_card":"summary_large_image","twitter_misc":{"Tiempo de lectura":"4 minutos"},"schema":{"@context":"https:\/\/schema.org","@graph":[{"@type":"WebPage","@id":"https:\/\/forcepowerstaffing.com\/terms-and-conditions\/","url":"https:\/\/forcepowerstaffing.com\/terms-and-conditions\/","name":"Terms & Conditions - Force Power Staffing","isPartOf":{"@id":"https:\/\/forcepowerstaffing.com\/#website"},"datePublished":"2022-04-06T18:48:28+00:00","dateModified":"2022-04-07T15:47:06+00:00","breadcrumb":{"@id":"https:\/\/forcepowerstaffing.com\/terms-and-conditions\/#breadcrumb"},"inLanguage":"es","potentialAction":[{"@type":"ReadAction","target":["https:\/\/forcepowerstaffing.com\/terms-and-conditions\/"]}]},{"@type":"BreadcrumbList","@id":"https:\/\/forcepowerstaffing.com\/terms-and-conditions\/#breadcrumb","itemListElement":[{"@type":"ListItem","position":1,"name":"Home","item":"https:\/\/forcepowerstaffing.com\/"},{"@type":"ListItem","position":2,"name":"Terms &#038; Conditions"}]},{"@type":"WebSite","@id":"https:\/\/forcepowerstaffing.com\/#website","url":"https:\/\/forcepowerstaffing.com\/","name":"Force Power Staffing","description":"","publisher":{"@id":"https:\/\/forcepowerstaffing.com\/#organization"},"potentialAction":[{"@type":"SearchAction","target":{"@type":"EntryPoint","urlTemplate":"https:\/\/forcepowerstaffing.com\/?s={search_term_string}"},"query-input":{"@type":"PropertyValueSpecification","valueRequired":true,"valueName":"search_term_string"}}],"inLanguage":"es"},{"@type":"Organization","@id":"https:\/\/forcepowerstaffing.com\/#organization","name":"Force Power Staffing","url":"https:\/\/forcepowerstaffing.com\/","logo":{"@type":"ImageObject","inLanguage":"es","@id":"https:\/\/forcepowerstaffing.com\/#\/schema\/logo\/image\/","url":"https:\/\/forcepowerstaffing.com\/wp-content\/uploads\/2022\/03\/Color-logo-no-background.png","contentUrl":"https:\/\/forcepowerstaffing.com\/wp-content\/uploads\/2022\/03\/Color-logo-no-background.png","width":3174,"height":731,"caption":"Force Power Staffing"},"image":{"@id":"https:\/\/forcepowerstaffing.com\/#\/schema\/logo\/image\/"}}]}},"_links":{"self":[{"href":"https:\/\/forcepowerstaffing.com\/es\/wp-json\/wp\/v2\/pages\/745","targetHints":{"allow":["GET"]}}],"collection":[{"href":"https:\/\/forcepowerstaffing.com\/es\/wp-json\/wp\/v2\/pages"}],"about":[{"href":"https:\/\/forcepowerstaffing.com\/es\/wp-json\/wp\/v2\/types\/page"}],"author":[{"embeddable":true,"href":"https:\/\/forcepowerstaffing.com\/es\/wp-json\/wp\/v2\/users\/2"}],"replies":[{"embeddable":true,"href":"https:\/\/forcepowerstaffing.com\/es\/wp-json\/wp\/v2\/comments?post=745"}],"version-history":[{"count":10,"href":"https:\/\/forcepowerstaffing.com\/es\/wp-json\/wp\/v2\/pages\/745\/revisions"}],"predecessor-version":[{"id":1075,"href":"https:\/\/forcepowerstaffing.com\/es\/wp-json\/wp\/v2\/pages\/745\/revisions\/1075"}],"wp:attachment":[{"href":"https:\/\/forcepowerstaffing.com\/es\/wp-json\/wp\/v2\/media?parent=745"}],"curies":[{"name":"wp","href":"https:\/\/api.w.org\/{rel}","templated":true}]}}