{"id":746,"date":"2022-04-06T13:48:36","date_gmt":"2022-04-06T18:48:36","guid":{"rendered":"https:\/\/c5251f608d.nxcli.net\/privacy-policy-2\/"},"modified":"2022-04-07T10:40:58","modified_gmt":"2022-04-07T15:40:58","slug":"privacy-policy","status":"publish","type":"page","link":"https:\/\/forcepowerstaffing.com\/es\/privacy-policy\/","title":{"rendered":"Pol\u00edza de Privacidad"},"content":{"rendered":"<div data-elementor-type=\"wp-page\" data-elementor-id=\"746\" class=\"elementor elementor-746\" data-elementor-settings=\"{&quot;ha_cmc_init_switcher&quot;:&quot;no&quot;}\" data-elementor-post-type=\"page\">\n\t\t\t\t\t\t<section class=\"elementor-section elementor-top-section elementor-element elementor-element-503a1c82 elementor-section-boxed elementor-section-height-default elementor-section-height-default\" data-id=\"503a1c82\" data-element_type=\"section\" data-settings=\"{&quot;_ha_eqh_enable&quot;:false}\">\n\t\t\t\t\t\t<div class=\"elementor-container elementor-column-gap-default\">\n\t\t\t\t\t<div class=\"elementor-column elementor-col-100 elementor-top-column elementor-element elementor-element-31aa83d3\" data-id=\"31aa83d3\" data-element_type=\"column\">\n\t\t\t<div class=\"elementor-widget-wrap elementor-element-populated\">\n\t\t\t\t\t\t<div class=\"elementor-element elementor-element-1cdd895 elementor-widget elementor-widget-spacer\" data-id=\"1cdd895\" data-element_type=\"widget\" data-widget_type=\"spacer.default\">\n\t\t\t\t<div class=\"elementor-widget-container\">\n\t\t\t\t\t\t\t<div class=\"elementor-spacer\">\n\t\t\t<div class=\"elementor-spacer-inner\"><\/div>\n\t\t<\/div>\n\t\t\t\t\t\t<\/div>\n\t\t\t\t<\/div>\n\t\t\t\t<div class=\"elementor-element elementor-element-540c0f0 elementor-widget elementor-widget-heading\" data-id=\"540c0f0\" data-element_type=\"widget\" data-widget_type=\"heading.default\">\n\t\t\t\t<div class=\"elementor-widget-container\">\n\t\t\t\t\t<h2 class=\"elementor-heading-title elementor-size-default\">POL\u00cdTICA DE PRIVACIDAD<\/h2>\t\t\t\t<\/div>\n\t\t\t\t<\/div>\n\t\t\t\t<div class=\"elementor-element elementor-element-5db47fd6 elementor-widget elementor-widget-text-editor\" data-id=\"5db47fd6\" data-element_type=\"widget\" data-widget_type=\"text-editor.default\">\n\t\t\t\t<div class=\"elementor-widget-container\">\n\t\t\t\t\t\t\t\t\t<p>Bienvenido a https:\/\/forcepowerstaffing.com (el \"Sitio\"). Entendemos que la privacidad en l\u00ednea es importante para los usuarios de nuestro Sitio, especialmente cuando realizan negocios. Esta declaraci\u00f3n rige nuestras pol\u00edticas de privacidad con respecto a esos usuarios del Sitio (\" Visitantes\u201d) que visitan sin realizar transacciones comerciales y Visitantes que se registran para realizar transacciones comerciales en el Sitio y hacen uso de los diversos servicios ofrecidos por Force Power Staffing (colectivamente, \"Servicios\") (\"Clientes autorizados\").<\/p>\n<p><span style=\"font-weight: bold;\">\"Informaci\u00f3n de identificaci\u00f3n personal\" <\/span><\/p>\n<p>Refers to any information that identifies or can be used to identify, contact, or locate the person to whom such information pertains, including, but not limited to, name, address, phone number, fax number, email address, financial profiles, social security number, and credit card information. Personally Identifiable Information does not include information that is collected anonymously (that is, without identification of the individual user) or demographic information not connected to an identified individual.<\/p>\n<p><span style=\"font-weight: bold;\">\u00bfQu\u00e9 informaci\u00f3n de identificaci\u00f3n personal se recopila? <\/span><\/p>\n<p>Podemos recopilar informaci\u00f3n b\u00e1sica del perfil de usuario de todos nuestros Visitantes. Recopilamos la siguiente informaci\u00f3n adicional de nuestros Clientes autorizados: los nombres, direcciones, n\u00fameros de tel\u00e9fono y direcciones de correo electr\u00f3nico de los Clientes autorizados, la naturaleza y el tama\u00f1o de la empresa, y la naturaleza y el tama\u00f1o del inventario publicitario que el Cliente autorizado pretende comprar o vender.<\/p>\n<p><span style=\"font-weight: bold;\">\u00bfQu\u00e9 organizaciones recopilan la informaci\u00f3n? <\/span><\/p>\n<p>Adem\u00e1s de nuestra recopilaci\u00f3n directa de informaci\u00f3n, nuestros proveedores de servicios externos (como compa\u00f1\u00edas de tarjetas de cr\u00e9dito, c\u00e1maras de compensaci\u00f3n y bancos) que pueden proporcionar servicios tales como servicios de cr\u00e9dito, seguros y dep\u00f3sito en garant\u00eda pueden recopilar esta informaci\u00f3n de nuestros Visitantes y Clientes autorizados. No controlamos c\u00f3mo estos terceros usan dicha informaci\u00f3n, pero les pedimos que divulguen c\u00f3mo usan la informaci\u00f3n personal que les proporcionan los Visitantes y los Clientes autorizados. Algunos de estos terceros pueden ser intermediarios que act\u00faan \u00fanicamente como eslabones en la cadena de distribuci\u00f3n y no almacenan, retienen ni utilizan la informaci\u00f3n que se les proporciona.<\/p>\n<p><span style=\"font-weight: bold;\">\u00bfC\u00f3mo utiliza el Sitio la informaci\u00f3n de identificaci\u00f3n personal?<\/span><\/p>\n<p>Usamos informaci\u00f3n de identificaci\u00f3n personal para personalizar el sitio, realizar ofertas de servicios adecuadas y cumplir con las solicitudes de compra y venta en el sitio. Podemos enviar correos electr\u00f3nicos a los Visitantes y Clientes autorizados sobre investigaciones u oportunidades de compra y venta en el Sitio o informaci\u00f3n relacionada con el tema del Sitio. Tambi\u00e9n podemos usar informaci\u00f3n de identificaci\u00f3n personal para contactar a los visitantes y clientes autorizados en respuesta a consultas espec\u00edficas o para proporcionar la informaci\u00f3n solicitada.<\/p>\n<p><span style=\"font-weight: bold;\">\u00bfCon qui\u00e9n se puede compartir la informaci\u00f3n?<\/span><\/p>\n<p>La informaci\u00f3n de identificaci\u00f3n personal sobre los Clientes autorizados se puede compartir con otros Clientes autorizados que deseen evaluar transacciones potenciales con otros Clientes autorizados. Podemos compartir informaci\u00f3n agregada sobre nuestros Visitantes, incluidos los datos demogr\u00e1ficos de nuestros Visitantes y Clientes autorizados, con nuestras agencias afiliadas y proveedores externos. Tambi\u00e9n ofrecemos la oportunidad de \"optar por no recibir\" informaci\u00f3n o ser contactado por nosotros o por cualquier agencia que act\u00fae en nuestro nombre.<\/p>\n<p><span style=\"font-weight: bold;\">\u00bfC\u00f3mo se almacena la informaci\u00f3n de identificaci\u00f3n personal?<\/span><\/p>\n<p>La informaci\u00f3n de identificaci\u00f3n personal recopilada por Force Power Staffing se almacena de forma segura y no es accesible para terceros o empleados de Force Power Staffing, excepto para el uso indicado anteriormente.<\/p>\n<p><span style=\"font-weight: bold;\">\u00bfQu\u00e9 opciones est\u00e1n disponibles para los visitantes con respecto a la recopilaci\u00f3n, el uso y la distribuci\u00f3n de la informaci\u00f3n?<\/span><\/p>\n<p>Visitors and Authorized Customers may opt out of receiving unsolicited information from or being contacted by us and\/or our vendors and affiliated agencies by responding to emails as instructed, or by contacting us at&nbsp;402-649-4555.<\/p>\n<p><span style=\"font-weight: bold;\">\u00bfSe utilizan cookies en el sitio?<\/span><\/p>\n<p>Las cookies se utilizan por una variedad de razones. Utilizamos Cookies para obtener informaci\u00f3n sobre las preferencias de nuestros Visitantes y los servicios que seleccionan. Tambi\u00e9n utilizamos cookies con fines de seguridad para proteger a nuestros clientes autorizados. Por ejemplo, si un Cliente autorizado inicia sesi\u00f3n y el sitio no se utiliza durante m\u00e1s de 10 minutos, autom\u00e1ticamente cerraremos la sesi\u00f3n del Cliente autorizado. <a href=\"https:\/\/forcepowerstaffing.com\/es\/cookie-privacy-policy\/\">Ver pol\u00edtica de cookies.<\/a><\/p>\n<p><span style=\"font-weight: bold;\">\u00bfC\u00f3mo utiliza Force Power Staffing la informaci\u00f3n de inicio de sesi\u00f3n? <\/span><\/p>\n<p>Force Power Staffing utiliza la informaci\u00f3n de inicio de sesi\u00f3n, que incluye, entre otros, direcciones IP, ISP y tipos de navegador, para analizar tendencias, administrar el Sitio, rastrear el movimiento y el uso de un usuario y recopilar informaci\u00f3n demogr\u00e1fica amplia.<\/p>\n<p><span style=\"font-weight: bold;\">\u00bfQu\u00e9 socios o proveedores de servicios tienen acceso a la informaci\u00f3n de identificaci\u00f3n personal de los visitantes y\/o clientes autorizados en el sitio?<\/span><\/p>\n<p>Force Power Staffing ha entrado y seguir\u00e1 entrando en asociaciones y otras afiliaciones con una serie de proveedores. Dichos proveedores pueden tener acceso a cierta informaci\u00f3n de identificaci\u00f3n personal seg\u00fan sea necesario para evaluar la elegibilidad del servicio de los clientes autorizados. Nuestra pol\u00edtica de privacidad no cubre su recopilaci\u00f3n o uso de esta informaci\u00f3n. Divulgaci\u00f3n de informaci\u00f3n de identificaci\u00f3n personal para cumplir con la ley. Divulgaremos informaci\u00f3n de identificaci\u00f3n personal para cumplir con una orden judicial o citaci\u00f3n o una solicitud de una agencia de aplicaci\u00f3n de la ley para divulgar informaci\u00f3n. Tambi\u00e9n divulgaremos informaci\u00f3n de identificaci\u00f3n personal cuando sea razonablemente necesario para proteger la seguridad de nuestros visitantes y clientes autorizados.<\/p>\n<p><span style=\"font-weight: bold;\">\u00bfC\u00f3mo mantiene segura el Sitio la informaci\u00f3n de identificaci\u00f3n personal?<\/span><\/p>\n<p>Todos nuestros empleados est\u00e1n familiarizados con nuestra pol\u00edtica y pr\u00e1cticas de seguridad. La informaci\u00f3n de identificaci\u00f3n personal de nuestros visitantes y clientes autorizados solo es accesible para un n\u00famero limitado de empleados calificados a quienes se les proporciona una contrase\u00f1a para poder acceder a la informaci\u00f3n. Auditamos nuestros sistemas y procesos de seguridad peri\u00f3dicamente. La informaci\u00f3n confidencial, como n\u00fameros de tarjetas de cr\u00e9dito o n\u00fameros de seguro social, est\u00e1 protegida por protocolos de encriptaci\u00f3n, establecidos para proteger la informaci\u00f3n enviada a trav\u00e9s de Internet. Si bien tomamos medidas comercialmente razonables para mantener un sitio seguro, las comunicaciones electr\u00f3nicas y las bases de datos est\u00e1n sujetas a errores, manipulaciones e intrusiones, y no podemos garantizar que tales eventos no se llevar\u00e1n a cabo y no seremos responsables ante los Visitantes o Usuarios autorizados. Clientes por tales ocurrencias.<\/p>\n<p><span style=\"font-weight: bold;\">\u00bfC\u00f3mo pueden los visitantes corregir cualquier imprecisi\u00f3n en la informaci\u00f3n de identificaci\u00f3n personal?<\/span><\/p>\n<p>Visitors and Authorized Customers may contact us to update Personally Identifiable Information about them or to correct any inaccuracies by emailing us at rosie.santillan@forcepowerstaffing.com.<\/p>\n<p><span style=\"font-weight: bold;\">\u00bfPuede un visitante eliminar o desactivar la informaci\u00f3n de identificaci\u00f3n personal recopilada por el sitio?<\/span><\/p>\n<p>Proporcionamos a los visitantes y clientes autorizados un mecanismo para eliminar\/desactivar la informaci\u00f3n de identificaci\u00f3n personal de la base de datos del sitio poni\u00e9ndose en contacto con . Sin embargo, debido a las copias de seguridad y los registros de eliminaciones, puede ser imposible eliminar la entrada de un Visitante sin conservar alguna informaci\u00f3n residual. Una persona que solicite que se desactive la informaci\u00f3n de identificaci\u00f3n personal, esta informaci\u00f3n se eliminar\u00e1 funcionalmente, y no venderemos, transferiremos ni utilizaremos la informaci\u00f3n de identificaci\u00f3n personal relacionada con esa persona de ninguna manera en el futuro.<\/p>\n<p><span style=\"font-weight: bold;\">\u00bfQu\u00e9 sucede si la Pol\u00edtica de privacidad cambia?<\/span><\/p>\n<p>Informaremos a nuestros Visitantes y Clientes autorizados sobre los cambios en nuestra pol\u00edtica de privacidad mediante la publicaci\u00f3n de dichos cambios en el Sitio. Sin embargo, si cambiamos nuestra pol\u00edtica de privacidad de una manera que pueda causar la divulgaci\u00f3n de informaci\u00f3n de identificaci\u00f3n personal que un Visitante o Cliente autorizado ha solicitado previamente que no se divulgue, nos comunicaremos con dicho Visitante o Cliente autorizado para permitir que dicho Visitante o Cliente autorizado evite tal divulgaci\u00f3n.<\/p>\n<p><span style=\"font-weight: bold;\">Enlaces:<\/span><\/p>\n<p>https:\/\/forcepowerstaffing.com contiene enlaces a otros sitios web. Tenga en cuenta que cuando hace clic en uno de estos enlaces, se est\u00e1 moviendo a otro sitio web. Le recomendamos que lea las declaraciones de privacidad de estos sitios vinculados, ya que sus pol\u00edticas de privacidad pueden diferir de las nuestras.<\/p>\t\t\t\t\t\t\t\t<\/div>\n\t\t\t\t<\/div>\n\t\t\t\t\t<\/div>\n\t\t<\/div>\n\t\t\t\t\t<\/div>\n\t\t<\/section>\n\t\t\t\t<section class=\"elementor-section elementor-top-section elementor-element elementor-element-7b4eb85d elementor-section-boxed elementor-section-height-default elementor-section-height-default\" data-id=\"7b4eb85d\" data-element_type=\"section\" data-settings=\"{&quot;background_background&quot;:&quot;classic&quot;,&quot;_ha_eqh_enable&quot;:false}\">\n\t\t\t\t\t\t<div class=\"elementor-container elementor-column-gap-default\">\n\t\t\t\t\t<div class=\"elementor-column elementor-col-100 elementor-top-column elementor-element elementor-element-58ef5aab\" data-id=\"58ef5aab\" data-element_type=\"column\">\n\t\t\t<div class=\"elementor-widget-wrap elementor-element-populated\">\n\t\t\t\t\t\t<div class=\"elementor-element elementor-element-23e8faaf elementor-widget elementor-widget-spacer\" data-id=\"23e8faaf\" data-element_type=\"widget\" data-widget_type=\"spacer.default\">\n\t\t\t\t<div class=\"elementor-widget-container\">\n\t\t\t\t\t\t\t<div class=\"elementor-spacer\">\n\t\t\t<div class=\"elementor-spacer-inner\"><\/div>\n\t\t<\/div>\n\t\t\t\t\t\t<\/div>\n\t\t\t\t<\/div>\n\t\t\t\t<div class=\"elementor-element elementor-element-7bd374cd elementor-widget elementor-widget-text-editor\" data-id=\"7bd374cd\" data-element_type=\"widget\" data-widget_type=\"text-editor.default\">\n\t\t\t\t<div class=\"elementor-widget-container\">\n\t\t\t\t\t\t\t\t\t<h4><strong>INFORMACI\u00d3N DE CONTACTO<\/strong><\/h4><p>Force Power Staffing<br \/>Tel\u00e9fono: 4026494555<\/p><p><span style=\"color: var( --e-global-color-text ); font-family: var( --e-global-typography-text-font-family ), Sans-serif; font-weight: var( --e-global-typography-text-font-weight ); background-color: var( --e-global-color-1fb5101 );\">Correo electr\u00f3nico de contacto: rosie.santillan@powerforcestaffing.com<\/span><\/p>\t\t\t\t\t\t\t\t<\/div>\n\t\t\t\t<\/div>\n\t\t\t\t<div class=\"elementor-element elementor-element-11697000 elementor-widget elementor-widget-spacer\" data-id=\"11697000\" data-element_type=\"widget\" data-widget_type=\"spacer.default\">\n\t\t\t\t<div class=\"elementor-widget-container\">\n\t\t\t\t\t\t\t<div class=\"elementor-spacer\">\n\t\t\t<div class=\"elementor-spacer-inner\"><\/div>\n\t\t<\/div>\n\t\t\t\t\t\t<\/div>\n\t\t\t\t<\/div>\n\t\t\t\t\t<\/div>\n\t\t<\/div>\n\t\t\t\t\t<\/div>\n\t\t<\/section>\n\t\t\t\t<\/div>","protected":false},"excerpt":{"rendered":"<p>PRIVACY POLICY Welcome to https:\/\/forcepowerstaffing.com (the \u201dSite\u201d).We understand that privacy online is important to users of our Site, especially when conducting business.This statement governs our privacy policies with respect to those users of the Site (\u201dVisitors\u201d) who visit without transacting business and Visitors who register to transact business on the Site and make use of [&hellip;]<\/p>","protected":false},"author":2,"featured_media":0,"parent":0,"menu_order":0,"comment_status":"closed","ping_status":"closed","template":"","meta":{"footnotes":""},"class_list":["post-746","page","type-page","status-publish","hentry"],"yoast_head":"<!-- This site is optimized with the Yoast SEO plugin v25.2 - https:\/\/yoast.com\/wordpress\/plugins\/seo\/ -->\n<title>Privacy Policy - Force Power Staffing<\/title>\n<meta name=\"robots\" content=\"index, follow, max-snippet:-1, max-image-preview:large, max-video-preview:-1\" \/>\n<link rel=\"canonical\" href=\"https:\/\/forcepowerstaffing.com\/es\/privacy-policy\/\" \/>\n<meta property=\"og:locale\" content=\"es_ES\" \/>\n<meta property=\"og:type\" content=\"article\" \/>\n<meta property=\"og:title\" content=\"Privacy Policy - Force Power Staffing\" \/>\n<meta property=\"og:description\" content=\"PRIVACY POLICY Welcome to https:\/\/forcepowerstaffing.com (the \u201dSite\u201d).We understand that privacy online is important to users of our Site, especially when conducting business.This statement governs our privacy policies with respect to those users of the Site (\u201dVisitors\u201d) who visit without transacting business and Visitors who register to transact business on the Site and make use of [&hellip;]\" \/>\n<meta property=\"og:url\" content=\"https:\/\/forcepowerstaffing.com\/es\/privacy-policy\/\" \/>\n<meta property=\"og:site_name\" content=\"Force Power Staffing\" \/>\n<meta property=\"article:modified_time\" content=\"2022-04-07T15:40:58+00:00\" \/>\n<meta name=\"twitter:card\" content=\"summary_large_image\" \/>\n<meta name=\"twitter:label1\" content=\"Tiempo de lectura\" \/>\n\t<meta name=\"twitter:data1\" content=\"6 minutos\" \/>\n<script type=\"application\/ld+json\" class=\"yoast-schema-graph\">{\"@context\":\"https:\/\/schema.org\",\"@graph\":[{\"@type\":\"WebPage\",\"@id\":\"https:\/\/forcepowerstaffing.com\/privacy-policy\/\",\"url\":\"https:\/\/forcepowerstaffing.com\/privacy-policy\/\",\"name\":\"Privacy Policy - Force Power Staffing\",\"isPartOf\":{\"@id\":\"https:\/\/forcepowerstaffing.com\/#website\"},\"datePublished\":\"2022-04-06T18:48:36+00:00\",\"dateModified\":\"2022-04-07T15:40:58+00:00\",\"breadcrumb\":{\"@id\":\"https:\/\/forcepowerstaffing.com\/privacy-policy\/#breadcrumb\"},\"inLanguage\":\"es\",\"potentialAction\":[{\"@type\":\"ReadAction\",\"target\":[\"https:\/\/forcepowerstaffing.com\/privacy-policy\/\"]}]},{\"@type\":\"BreadcrumbList\",\"@id\":\"https:\/\/forcepowerstaffing.com\/privacy-policy\/#breadcrumb\",\"itemListElement\":[{\"@type\":\"ListItem\",\"position\":1,\"name\":\"Home\",\"item\":\"https:\/\/forcepowerstaffing.com\/\"},{\"@type\":\"ListItem\",\"position\":2,\"name\":\"Privacy Policy\"}]},{\"@type\":\"WebSite\",\"@id\":\"https:\/\/forcepowerstaffing.com\/#website\",\"url\":\"https:\/\/forcepowerstaffing.com\/\",\"name\":\"Force Power Staffing\",\"description\":\"\",\"publisher\":{\"@id\":\"https:\/\/forcepowerstaffing.com\/#organization\"},\"potentialAction\":[{\"@type\":\"SearchAction\",\"target\":{\"@type\":\"EntryPoint\",\"urlTemplate\":\"https:\/\/forcepowerstaffing.com\/?s={search_term_string}\"},\"query-input\":{\"@type\":\"PropertyValueSpecification\",\"valueRequired\":true,\"valueName\":\"search_term_string\"}}],\"inLanguage\":\"es\"},{\"@type\":\"Organization\",\"@id\":\"https:\/\/forcepowerstaffing.com\/#organization\",\"name\":\"Force Power Staffing\",\"url\":\"https:\/\/forcepowerstaffing.com\/\",\"logo\":{\"@type\":\"ImageObject\",\"inLanguage\":\"es\",\"@id\":\"https:\/\/forcepowerstaffing.com\/#\/schema\/logo\/image\/\",\"url\":\"https:\/\/forcepowerstaffing.com\/wp-content\/uploads\/2022\/03\/Color-logo-no-background.png\",\"contentUrl\":\"https:\/\/forcepowerstaffing.com\/wp-content\/uploads\/2022\/03\/Color-logo-no-background.png\",\"width\":3174,\"height\":731,\"caption\":\"Force Power Staffing\"},\"image\":{\"@id\":\"https:\/\/forcepowerstaffing.com\/#\/schema\/logo\/image\/\"}}]}<\/script>\n<!-- \/ Yoast SEO plugin. -->","yoast_head_json":{"title":"Privacy Policy - Force Power Staffing","robots":{"index":"index","follow":"follow","max-snippet":"max-snippet:-1","max-image-preview":"max-image-preview:large","max-video-preview":"max-video-preview:-1"},"canonical":"https:\/\/forcepowerstaffing.com\/es\/privacy-policy\/","og_locale":"es_ES","og_type":"article","og_title":"Privacy Policy - Force Power Staffing","og_description":"PRIVACY POLICY Welcome to https:\/\/forcepowerstaffing.com (the \u201dSite\u201d).We understand that privacy online is important to users of our Site, especially when conducting business.This statement governs our privacy policies with respect to those users of the Site (\u201dVisitors\u201d) who visit without transacting business and Visitors who register to transact business on the Site and make use of [&hellip;]","og_url":"https:\/\/forcepowerstaffing.com\/es\/privacy-policy\/","og_site_name":"Force Power Staffing","article_modified_time":"2022-04-07T15:40:58+00:00","twitter_card":"summary_large_image","twitter_misc":{"Tiempo de lectura":"6 minutos"},"schema":{"@context":"https:\/\/schema.org","@graph":[{"@type":"WebPage","@id":"https:\/\/forcepowerstaffing.com\/privacy-policy\/","url":"https:\/\/forcepowerstaffing.com\/privacy-policy\/","name":"Privacy Policy - Force Power Staffing","isPartOf":{"@id":"https:\/\/forcepowerstaffing.com\/#website"},"datePublished":"2022-04-06T18:48:36+00:00","dateModified":"2022-04-07T15:40:58+00:00","breadcrumb":{"@id":"https:\/\/forcepowerstaffing.com\/privacy-policy\/#breadcrumb"},"inLanguage":"es","potentialAction":[{"@type":"ReadAction","target":["https:\/\/forcepowerstaffing.com\/privacy-policy\/"]}]},{"@type":"BreadcrumbList","@id":"https:\/\/forcepowerstaffing.com\/privacy-policy\/#breadcrumb","itemListElement":[{"@type":"ListItem","position":1,"name":"Home","item":"https:\/\/forcepowerstaffing.com\/"},{"@type":"ListItem","position":2,"name":"Privacy Policy"}]},{"@type":"WebSite","@id":"https:\/\/forcepowerstaffing.com\/#website","url":"https:\/\/forcepowerstaffing.com\/","name":"Force Power Staffing","description":"","publisher":{"@id":"https:\/\/forcepowerstaffing.com\/#organization"},"potentialAction":[{"@type":"SearchAction","target":{"@type":"EntryPoint","urlTemplate":"https:\/\/forcepowerstaffing.com\/?s={search_term_string}"},"query-input":{"@type":"PropertyValueSpecification","valueRequired":true,"valueName":"search_term_string"}}],"inLanguage":"es"},{"@type":"Organization","@id":"https:\/\/forcepowerstaffing.com\/#organization","name":"Force Power Staffing","url":"https:\/\/forcepowerstaffing.com\/","logo":{"@type":"ImageObject","inLanguage":"es","@id":"https:\/\/forcepowerstaffing.com\/#\/schema\/logo\/image\/","url":"https:\/\/forcepowerstaffing.com\/wp-content\/uploads\/2022\/03\/Color-logo-no-background.png","contentUrl":"https:\/\/forcepowerstaffing.com\/wp-content\/uploads\/2022\/03\/Color-logo-no-background.png","width":3174,"height":731,"caption":"Force Power Staffing"},"image":{"@id":"https:\/\/forcepowerstaffing.com\/#\/schema\/logo\/image\/"}}]}},"_links":{"self":[{"href":"https:\/\/forcepowerstaffing.com\/es\/wp-json\/wp\/v2\/pages\/746","targetHints":{"allow":["GET"]}}],"collection":[{"href":"https:\/\/forcepowerstaffing.com\/es\/wp-json\/wp\/v2\/pages"}],"about":[{"href":"https:\/\/forcepowerstaffing.com\/es\/wp-json\/wp\/v2\/types\/page"}],"author":[{"embeddable":true,"href":"https:\/\/forcepowerstaffing.com\/es\/wp-json\/wp\/v2\/users\/2"}],"replies":[{"embeddable":true,"href":"https:\/\/forcepowerstaffing.com\/es\/wp-json\/wp\/v2\/comments?post=746"}],"version-history":[{"count":15,"href":"https:\/\/forcepowerstaffing.com\/es\/wp-json\/wp\/v2\/pages\/746\/revisions"}],"predecessor-version":[{"id":1072,"href":"https:\/\/forcepowerstaffing.com\/es\/wp-json\/wp\/v2\/pages\/746\/revisions\/1072"}],"wp:attachment":[{"href":"https:\/\/forcepowerstaffing.com\/es\/wp-json\/wp\/v2\/media?parent=746"}],"curies":[{"name":"wp","href":"https:\/\/api.w.org\/{rel}","templated":true}]}}