{"id":747,"date":"2022-04-06T13:48:43","date_gmt":"2022-04-06T18:48:43","guid":{"rendered":"https:\/\/c5251f608d.nxcli.net\/cookie-privacy-policy\/"},"modified":"2022-04-07T10:26:09","modified_gmt":"2022-04-07T15:26:09","slug":"cookie-privacy-policy","status":"publish","type":"page","link":"https:\/\/forcepowerstaffing.com\/es\/cookie-privacy-policy\/","title":{"rendered":"Pol\u00edza de Privacidad de Cookies"},"content":{"rendered":"<div data-elementor-type=\"wp-page\" data-elementor-id=\"747\" class=\"elementor elementor-747\" data-elementor-settings=\"{&quot;ha_cmc_init_switcher&quot;:&quot;no&quot;}\" data-elementor-post-type=\"page\">\n\t\t\t\t\t\t<section class=\"elementor-section elementor-top-section elementor-element elementor-element-9e863e9 elementor-section-boxed elementor-section-height-default elementor-section-height-default\" data-id=\"9e863e9\" data-element_type=\"section\" data-settings=\"{&quot;_ha_eqh_enable&quot;:false}\">\n\t\t\t\t\t\t<div class=\"elementor-container elementor-column-gap-default\">\n\t\t\t\t\t<div class=\"elementor-column elementor-col-100 elementor-top-column elementor-element elementor-element-aa6ffe2\" data-id=\"aa6ffe2\" data-element_type=\"column\">\n\t\t\t<div class=\"elementor-widget-wrap elementor-element-populated\">\n\t\t\t\t\t\t<div class=\"elementor-element elementor-element-a89aeb3 elementor-widget elementor-widget-spacer\" data-id=\"a89aeb3\" data-element_type=\"widget\" data-widget_type=\"spacer.default\">\n\t\t\t\t<div class=\"elementor-widget-container\">\n\t\t\t\t\t\t\t<div class=\"elementor-spacer\">\n\t\t\t<div class=\"elementor-spacer-inner\"><\/div>\n\t\t<\/div>\n\t\t\t\t\t\t<\/div>\n\t\t\t\t<\/div>\n\t\t\t\t<div class=\"elementor-element elementor-element-8841a23 elementor-widget elementor-widget-heading\" data-id=\"8841a23\" data-element_type=\"widget\" data-widget_type=\"heading.default\">\n\t\t\t\t<div class=\"elementor-widget-container\">\n\t\t\t\t\t<h2 class=\"elementor-heading-title elementor-size-default\">POL\u00cdTICA DE PRIVACIDAD DE COOKIES<\/h2>\t\t\t\t<\/div>\n\t\t\t\t<\/div>\n\t\t\t\t<div class=\"elementor-element elementor-element-12d21535 elementor-widget elementor-widget-text-editor\" data-id=\"12d21535\" data-element_type=\"widget\" data-widget_type=\"text-editor.default\">\n\t\t\t\t<div class=\"elementor-widget-container\">\n\t\t\t\t\t\t\t\t\t<p>https:\/\/forcepowerstaffing.com se compromete a proteger su privacidad en l\u00ednea.\u00a0<\/p><p><b>\u00bfQu\u00e9 informaci\u00f3n recopilamos?<\/b>\u00a0<\/p><p>Recopilamos informaci\u00f3n sobre usted cuando visita nuestro sitio. Al enviar o registrarse en nuestro sitio, es posible que se le solicite que ingrese su: nombre o direcci\u00f3n de correo electr\u00f3nico. Sin embargo, puede visitar nuestro sitio de forma an\u00f3nima.\u00a0<\/p><p><b>\u00bfPara qu\u00e9 utilizamos su informaci\u00f3n?<\/b>\u00a0<\/p><p>Any of the information we collect from you may be used in one of the following ways: To improve our website, To improve customer service\u00a0<\/p><p><b>\u00bfComo protegemos su informaci\u00f3n?<\/b>\u00a0<\/p><p>Implementamos una variedad de medidas de seguridad para mantener la seguridad de su informaci\u00f3n personal cuando realiza un pedido o ingresa, env\u00eda o accede a su informaci\u00f3n personal.<\/p><p><b>Cookies\u00a0<\/b><\/p><p>Las cookies son peque\u00f1os archivos que un sitio o su proveedor de servicios transfiere al disco duro de su computadora a trav\u00e9s de su navegador web (si lo permite) que permite que los sitios o los sistemas de los proveedores de servicios reconozcan su navegador y capturen y recuerden cierta informaci\u00f3n Usamos cookies para comprender y guarde sus preferencias para futuras visitas.\u00a0<\/p><p><b>Pol\u00edtica de Privacidad\u00a0<\/b><\/p><p>Esta pol\u00edtica de privacidad en l\u00ednea se aplica solo a la informaci\u00f3n recopilada a trav\u00e9s de nuestro sitio web y no a la informaci\u00f3n recopilada fuera de l\u00ednea. <a href=\"https:\/\/forcepowerstaffing.com\/es\/privacy-policy\/\">Ver pol\u00edtica de privacidad.<\/a><\/p><p><b>Cambios a nuestra Pol\u00edtica de Privacidad\u00a0<\/b><\/p><p>Si decidimos cambiar nuestra pol\u00edtica de privacidad, publicaremos esos cambios en esta p\u00e1gina. Si tiene alguna pregunta o sugerencia con respecto a nuestra Declaraci\u00f3n de pol\u00edtica de privacidad, comun\u00edquese con nosotros y nos pondremos en contacto con usted muy pronto.<\/p><div>\u00a0<\/div>\t\t\t\t\t\t\t\t<\/div>\n\t\t\t\t<\/div>\n\t\t\t\t\t<\/div>\n\t\t<\/div>\n\t\t\t\t\t<\/div>\n\t\t<\/section>\n\t\t\t\t<section class=\"elementor-section elementor-top-section elementor-element elementor-element-9ed5eaf elementor-section-boxed elementor-section-height-default elementor-section-height-default\" data-id=\"9ed5eaf\" data-element_type=\"section\" data-settings=\"{&quot;background_background&quot;:&quot;classic&quot;,&quot;_ha_eqh_enable&quot;:false}\">\n\t\t\t\t\t\t<div class=\"elementor-container elementor-column-gap-default\">\n\t\t\t\t\t<div class=\"elementor-column elementor-col-100 elementor-top-column elementor-element elementor-element-3d8bfe5\" data-id=\"3d8bfe5\" data-element_type=\"column\">\n\t\t\t<div class=\"elementor-widget-wrap elementor-element-populated\">\n\t\t\t\t\t\t<div class=\"elementor-element elementor-element-6d571e1 elementor-widget elementor-widget-spacer\" data-id=\"6d571e1\" data-element_type=\"widget\" data-widget_type=\"spacer.default\">\n\t\t\t\t<div class=\"elementor-widget-container\">\n\t\t\t\t\t\t\t<div class=\"elementor-spacer\">\n\t\t\t<div class=\"elementor-spacer-inner\"><\/div>\n\t\t<\/div>\n\t\t\t\t\t\t<\/div>\n\t\t\t\t<\/div>\n\t\t\t\t<div class=\"elementor-element elementor-element-cd0130e elementor-widget elementor-widget-text-editor\" data-id=\"cd0130e\" data-element_type=\"widget\" data-widget_type=\"text-editor.default\">\n\t\t\t\t<div class=\"elementor-widget-container\">\n\t\t\t\t\t\t\t\t\t<h4><strong>INFORMACI\u00d3N DE CONTACTO<\/strong><\/h4><p>Force Power Staffing<br \/>Tel\u00e9fono: 4026494555<\/p><p><span style=\"color: var( --e-global-color-text ); font-family: var( --e-global-typography-text-font-family ), Sans-serif; font-weight: var( --e-global-typography-text-font-weight ); background-color: var( --e-global-color-1fb5101 );\">Correo electr\u00f3nico de contacto: rosie.santillan@powerforcestaffing.com<\/span><\/p>\t\t\t\t\t\t\t\t<\/div>\n\t\t\t\t<\/div>\n\t\t\t\t<div class=\"elementor-element elementor-element-6db70e7 elementor-widget elementor-widget-spacer\" data-id=\"6db70e7\" data-element_type=\"widget\" data-widget_type=\"spacer.default\">\n\t\t\t\t<div class=\"elementor-widget-container\">\n\t\t\t\t\t\t\t<div class=\"elementor-spacer\">\n\t\t\t<div class=\"elementor-spacer-inner\"><\/div>\n\t\t<\/div>\n\t\t\t\t\t\t<\/div>\n\t\t\t\t<\/div>\n\t\t\t\t\t<\/div>\n\t\t<\/div>\n\t\t\t\t\t<\/div>\n\t\t<\/section>\n\t\t\t\t<\/div>","protected":false},"excerpt":{"rendered":"<p>COOKIE PRIVACY POLICY https:\/\/forcepowerstaffing.com is committed to protecting your privacy online.\u00a0 What information do we collect?\u00a0 We collect information from you when you visit our site. When submitting or registering on our site, you may be asked to enter your: name or e-mail address. You may, however, visit our site anonymously.\u00a0 What do we use [&hellip;]<\/p>","protected":false},"author":2,"featured_media":0,"parent":0,"menu_order":0,"comment_status":"closed","ping_status":"closed","template":"","meta":{"footnotes":""},"class_list":["post-747","page","type-page","status-publish","hentry"],"yoast_head":"<!-- This site is optimized with the Yoast SEO plugin v25.2 - https:\/\/yoast.com\/wordpress\/plugins\/seo\/ -->\n<title>Cookie Privacy Policy - Force Power Staffing<\/title>\n<meta name=\"robots\" content=\"index, follow, max-snippet:-1, max-image-preview:large, max-video-preview:-1\" \/>\n<link rel=\"canonical\" href=\"https:\/\/forcepowerstaffing.com\/es\/cookie-privacy-policy\/\" \/>\n<meta property=\"og:locale\" content=\"es_ES\" \/>\n<meta property=\"og:type\" content=\"article\" \/>\n<meta property=\"og:title\" content=\"Cookie Privacy Policy - Force Power Staffing\" \/>\n<meta property=\"og:description\" content=\"COOKIE PRIVACY POLICY https:\/\/forcepowerstaffing.com is committed to protecting your privacy online.\u00a0 What information do we collect?\u00a0 We collect information from you when you visit our site. When submitting or registering on our site, you may be asked to enter your: name or e-mail address. You may, however, visit our site anonymously.\u00a0 What do we use [&hellip;]\" \/>\n<meta property=\"og:url\" content=\"https:\/\/forcepowerstaffing.com\/es\/cookie-privacy-policy\/\" \/>\n<meta property=\"og:site_name\" content=\"Force Power Staffing\" \/>\n<meta property=\"article:modified_time\" content=\"2022-04-07T15:26:09+00:00\" \/>\n<meta name=\"twitter:card\" content=\"summary_large_image\" \/>\n<meta name=\"twitter:label1\" content=\"Tiempo de lectura\" \/>\n\t<meta name=\"twitter:data1\" content=\"2 minutos\" \/>\n<script type=\"application\/ld+json\" class=\"yoast-schema-graph\">{\"@context\":\"https:\/\/schema.org\",\"@graph\":[{\"@type\":\"WebPage\",\"@id\":\"https:\/\/forcepowerstaffing.com\/cookie-privacy-policy\/\",\"url\":\"https:\/\/forcepowerstaffing.com\/cookie-privacy-policy\/\",\"name\":\"Cookie Privacy Policy - Force Power Staffing\",\"isPartOf\":{\"@id\":\"https:\/\/forcepowerstaffing.com\/#website\"},\"datePublished\":\"2022-04-06T18:48:43+00:00\",\"dateModified\":\"2022-04-07T15:26:09+00:00\",\"breadcrumb\":{\"@id\":\"https:\/\/forcepowerstaffing.com\/cookie-privacy-policy\/#breadcrumb\"},\"inLanguage\":\"es\",\"potentialAction\":[{\"@type\":\"ReadAction\",\"target\":[\"https:\/\/forcepowerstaffing.com\/cookie-privacy-policy\/\"]}]},{\"@type\":\"BreadcrumbList\",\"@id\":\"https:\/\/forcepowerstaffing.com\/cookie-privacy-policy\/#breadcrumb\",\"itemListElement\":[{\"@type\":\"ListItem\",\"position\":1,\"name\":\"Home\",\"item\":\"https:\/\/forcepowerstaffing.com\/\"},{\"@type\":\"ListItem\",\"position\":2,\"name\":\"Cookie Privacy Policy\"}]},{\"@type\":\"WebSite\",\"@id\":\"https:\/\/forcepowerstaffing.com\/#website\",\"url\":\"https:\/\/forcepowerstaffing.com\/\",\"name\":\"Force Power Staffing\",\"description\":\"\",\"publisher\":{\"@id\":\"https:\/\/forcepowerstaffing.com\/#organization\"},\"potentialAction\":[{\"@type\":\"SearchAction\",\"target\":{\"@type\":\"EntryPoint\",\"urlTemplate\":\"https:\/\/forcepowerstaffing.com\/?s={search_term_string}\"},\"query-input\":{\"@type\":\"PropertyValueSpecification\",\"valueRequired\":true,\"valueName\":\"search_term_string\"}}],\"inLanguage\":\"es\"},{\"@type\":\"Organization\",\"@id\":\"https:\/\/forcepowerstaffing.com\/#organization\",\"name\":\"Force Power Staffing\",\"url\":\"https:\/\/forcepowerstaffing.com\/\",\"logo\":{\"@type\":\"ImageObject\",\"inLanguage\":\"es\",\"@id\":\"https:\/\/forcepowerstaffing.com\/#\/schema\/logo\/image\/\",\"url\":\"https:\/\/forcepowerstaffing.com\/wp-content\/uploads\/2022\/03\/Color-logo-no-background.png\",\"contentUrl\":\"https:\/\/forcepowerstaffing.com\/wp-content\/uploads\/2022\/03\/Color-logo-no-background.png\",\"width\":3174,\"height\":731,\"caption\":\"Force Power Staffing\"},\"image\":{\"@id\":\"https:\/\/forcepowerstaffing.com\/#\/schema\/logo\/image\/\"}}]}<\/script>\n<!-- \/ Yoast SEO plugin. -->","yoast_head_json":{"title":"Cookie Privacy Policy - Force Power Staffing","robots":{"index":"index","follow":"follow","max-snippet":"max-snippet:-1","max-image-preview":"max-image-preview:large","max-video-preview":"max-video-preview:-1"},"canonical":"https:\/\/forcepowerstaffing.com\/es\/cookie-privacy-policy\/","og_locale":"es_ES","og_type":"article","og_title":"Cookie Privacy Policy - Force Power Staffing","og_description":"COOKIE PRIVACY POLICY https:\/\/forcepowerstaffing.com is committed to protecting your privacy online.\u00a0 What information do we collect?\u00a0 We collect information from you when you visit our site. When submitting or registering on our site, you may be asked to enter your: name or e-mail address. You may, however, visit our site anonymously.\u00a0 What do we use [&hellip;]","og_url":"https:\/\/forcepowerstaffing.com\/es\/cookie-privacy-policy\/","og_site_name":"Force Power Staffing","article_modified_time":"2022-04-07T15:26:09+00:00","twitter_card":"summary_large_image","twitter_misc":{"Tiempo de lectura":"2 minutos"},"schema":{"@context":"https:\/\/schema.org","@graph":[{"@type":"WebPage","@id":"https:\/\/forcepowerstaffing.com\/cookie-privacy-policy\/","url":"https:\/\/forcepowerstaffing.com\/cookie-privacy-policy\/","name":"Cookie Privacy Policy - Force Power Staffing","isPartOf":{"@id":"https:\/\/forcepowerstaffing.com\/#website"},"datePublished":"2022-04-06T18:48:43+00:00","dateModified":"2022-04-07T15:26:09+00:00","breadcrumb":{"@id":"https:\/\/forcepowerstaffing.com\/cookie-privacy-policy\/#breadcrumb"},"inLanguage":"es","potentialAction":[{"@type":"ReadAction","target":["https:\/\/forcepowerstaffing.com\/cookie-privacy-policy\/"]}]},{"@type":"BreadcrumbList","@id":"https:\/\/forcepowerstaffing.com\/cookie-privacy-policy\/#breadcrumb","itemListElement":[{"@type":"ListItem","position":1,"name":"Home","item":"https:\/\/forcepowerstaffing.com\/"},{"@type":"ListItem","position":2,"name":"Cookie Privacy Policy"}]},{"@type":"WebSite","@id":"https:\/\/forcepowerstaffing.com\/#website","url":"https:\/\/forcepowerstaffing.com\/","name":"Force Power Staffing","description":"","publisher":{"@id":"https:\/\/forcepowerstaffing.com\/#organization"},"potentialAction":[{"@type":"SearchAction","target":{"@type":"EntryPoint","urlTemplate":"https:\/\/forcepowerstaffing.com\/?s={search_term_string}"},"query-input":{"@type":"PropertyValueSpecification","valueRequired":true,"valueName":"search_term_string"}}],"inLanguage":"es"},{"@type":"Organization","@id":"https:\/\/forcepowerstaffing.com\/#organization","name":"Force Power Staffing","url":"https:\/\/forcepowerstaffing.com\/","logo":{"@type":"ImageObject","inLanguage":"es","@id":"https:\/\/forcepowerstaffing.com\/#\/schema\/logo\/image\/","url":"https:\/\/forcepowerstaffing.com\/wp-content\/uploads\/2022\/03\/Color-logo-no-background.png","contentUrl":"https:\/\/forcepowerstaffing.com\/wp-content\/uploads\/2022\/03\/Color-logo-no-background.png","width":3174,"height":731,"caption":"Force Power Staffing"},"image":{"@id":"https:\/\/forcepowerstaffing.com\/#\/schema\/logo\/image\/"}}]}},"_links":{"self":[{"href":"https:\/\/forcepowerstaffing.com\/es\/wp-json\/wp\/v2\/pages\/747","targetHints":{"allow":["GET"]}}],"collection":[{"href":"https:\/\/forcepowerstaffing.com\/es\/wp-json\/wp\/v2\/pages"}],"about":[{"href":"https:\/\/forcepowerstaffing.com\/es\/wp-json\/wp\/v2\/types\/page"}],"author":[{"embeddable":true,"href":"https:\/\/forcepowerstaffing.com\/es\/wp-json\/wp\/v2\/users\/2"}],"replies":[{"embeddable":true,"href":"https:\/\/forcepowerstaffing.com\/es\/wp-json\/wp\/v2\/comments?post=747"}],"version-history":[{"count":36,"href":"https:\/\/forcepowerstaffing.com\/es\/wp-json\/wp\/v2\/pages\/747\/revisions"}],"predecessor-version":[{"id":1066,"href":"https:\/\/forcepowerstaffing.com\/es\/wp-json\/wp\/v2\/pages\/747\/revisions\/1066"}],"wp:attachment":[{"href":"https:\/\/forcepowerstaffing.com\/es\/wp-json\/wp\/v2\/media?parent=747"}],"curies":[{"name":"wp","href":"https:\/\/api.w.org\/{rel}","templated":true}]}}